{"id":17729,"date":"2025-05-23T17:59:38","date_gmt":"2025-05-23T15:00:48","guid":{"rendered":"https:\/\/www.mwsteel.eu\/?post_type=product&#038;p=17729"},"modified":"2025-05-23T18:41:54","modified_gmt":"2025-05-23T15:41:54","slug":"silencer-end-plates","status":"publish","type":"product","link":"https:\/\/www.mwsteel.eu\/en\/tuote\/silencer-end-plates\/","title":{"rendered":"Silencer end plates"},"content":{"rendered":"<p>Selection of silencer end plates, meticulously designed with a variety of bore sizes.<\/p>\n<p>Fabricated from 304-L grade 1,5 mm \/ 1\/16&#8243; thick stainless steel.<\/p>\n<p>Dimensions:<\/p>\n<ul>\n<li>py\u00f6re\u00e4-1 (round-1): \u00d8 136 mm \/ 5.35&#8243;, bore 52,5 mm \/ 2.07&#8243;<\/li>\n<li>py\u00f6re\u00e4-2 (round-2): \u00d8 140 mm \/ 5.5&#8243;, bore 46,5 mm \/ 1.83&#8243;<\/li>\n<li>ovaali-1 (oval-1) : 153 x 100 mm \/ 6&#8243; x 3.94&#8243;, bore 46,5 mm \/ 1.83&#8243;<\/li>\n<li>ovaali-2 (oval-2): 130 x 117 mm \/ 5.12&#8243; x 4.6 , bore 2 x 42 mm \/2 x\u00a0 1.65&#8243;<\/li>\n<li>ovaali-3 (oval-3): \u00d8 140 x 106 mm \/ 5.5&#8243;\u00a0 x\u00a0 4.2&#8243;, bore 51 mm \/ 2&#8243;<\/li>\n<\/ul>\n<p>Select the most appropriate one from the drop-down menu.<\/p>\n","protected":false},"excerpt":{"rendered":"<p>Selection of silencer end plates, meticulously designed with a variety of bore sizes. Fabricated from 304-L grade 1,5 mm \/ 1\/16&#8243; thick stainless steel. Dimensions:&#8230;<\/p>\n","protected":false},"featured_media":17722,"comment_status":"closed","ping_status":"closed","template":"","meta":[],"product_brand":[],"product_cat":[733],"product_tag":[],"class_list":{"0":"post-17729","1":"product","2":"type-product","3":"status-publish","4":"has-post-thumbnail","6":"product_cat-exhaust-system-components","8":"first","9":"instock","10":"taxable","11":"shipping-taxable","12":"purchasable","13":"product-type-variable"},"_links":{"self":[{"href":"https:\/\/www.mwsteel.eu\/en\/wp-json\/wp\/v2\/product\/17729","targetHints":{"allow":["GET"]}}],"collection":[{"href":"https:\/\/www.mwsteel.eu\/en\/wp-json\/wp\/v2\/product"}],"about":[{"href":"https:\/\/www.mwsteel.eu\/en\/wp-json\/wp\/v2\/types\/product"}],"replies":[{"embeddable":true,"href":"https:\/\/www.mwsteel.eu\/en\/wp-json\/wp\/v2\/comments?post=17729"}],"wp:featuredmedia":[{"embeddable":true,"href":"https:\/\/www.mwsteel.eu\/en\/wp-json\/wp\/v2\/media\/17722"}],"wp:attachment":[{"href":"https:\/\/www.mwsteel.eu\/en\/wp-json\/wp\/v2\/media?parent=17729"}],"wp:term":[{"taxonomy":"product_brand","embeddable":true,"href":"https:\/\/www.mwsteel.eu\/en\/wp-json\/wp\/v2\/product_brand?post=17729"},{"taxonomy":"product_cat","embeddable":true,"href":"https:\/\/www.mwsteel.eu\/en\/wp-json\/wp\/v2\/product_cat?post=17729"},{"taxonomy":"product_tag","embeddable":true,"href":"https:\/\/www.mwsteel.eu\/en\/wp-json\/wp\/v2\/product_tag?post=17729"}],"curies":[{"name":"wp","href":"https:\/\/api.w.org\/{rel}","templated":true}]}}