{"id":11643,"date":"2021-02-18T14:57:40","date_gmt":"2024-08-30T09:26:37","guid":{"rendered":"https:\/\/www.mwsteel.eu\/tuote\/landrover-td5-harmonic-damper\/"},"modified":"2024-08-30T12:26:37","modified_gmt":"2024-08-30T09:26:37","slug":"landrover-td5-harmonic-damper","status":"publish","type":"product","link":"https:\/\/www.mwsteel.eu\/en\/tuote\/landrover-td5-harmonic-damper\/","title":{"rendered":"LANDROVER TD5 HARMONIC DAMPER"},"content":{"rendered":"<p>Almost unbreakable Landrover TD 5 engines have one big flaw, namely the original damper?  <\/p>\n<pre>OEM-vaimentimessa k\u00e4ytet\u00e4\u00e4n kaksoisvalurautaa, joka on kiinnitetty napaan k\u00e4ytt\u00e4m\u00e4ll\u00e4 laakeria, joka v\u00e4r\u00e4htelee moottorin t\u00e4rin\u00e4n vaimentuessa. Ajan my\u00f6t\u00e4 laakeri kuluu kovan kotelonsa l\u00e4pi, mik\u00e4 siirt\u00e4\u00e4 lis\u00e4l\u00e4mp\u00f6\u00e4, kitkaa ja rasitusta sidotun kumin l\u00e4pi. Lopulta t\u00e4m\u00e4 johtaa osittaiseen tai t\u00e4ydelliseen kumisidoksen rikkoutumiseen tai navan \/ vaimennuksen murtumiseen, mik\u00e4 johtaa moottorin nopeutuneeseen kulumiseen ja lis\u00e4\u00e4ntyneeseen t\u00e4rin\u00e4\u00e4n, mik\u00e4 voi usein tuntua ohjaamon l\u00e4pi. Vikaantumisriski lis\u00e4\u00e4ntyy, kun ty\u00f6skentelet p\u00f6lyisiss\u00e4, mutaisissa ja ankarissa 4 \u00d7 4 -ymp\u00e4rist\u00f6iss\u00e4. ? \n<\/pre>\n<p>  Ross Performance harmonic damper fixes this problem &#8211; Same dimensions as the original part &#8211; Designed and manufactured using CMM, 3D modelling and the latest CNC technology &#8211; Bonded using Ross Tuffbond process, which includes vibration absorbing, tear resistant natural rubber &#8211; Laser etched 360\u00b0 timing marks &#8211; High quality black finish &#8211; Meets SFI specification 18.1<\/p>\n","protected":false},"excerpt":{"rendered":"<p>Almost unbreakable Landrover TD 5 engines have one big flaw, namely the original damper? OEM-vaimentimessa k\u00e4ytet\u00e4\u00e4n kaksoisvalurautaa, joka on kiinnitetty napaan k\u00e4ytt\u00e4m\u00e4ll\u00e4 laakeria, joka v\u00e4r\u00e4htelee&#8230;<\/p>\n","protected":false},"featured_media":11646,"comment_status":"open","ping_status":"closed","template":"","meta":[],"product_brand":[],"product_cat":[873],"product_tag":[],"class_list":{"0":"post-11643","1":"product","2":"type-product","3":"status-publish","4":"has-post-thumbnail","6":"product_cat-harmonic-dampers-en","8":"first","9":"outofstock","10":"taxable","11":"shipping-taxable","12":"purchasable","13":"product-type-simple"},"_links":{"self":[{"href":"https:\/\/www.mwsteel.eu\/en\/wp-json\/wp\/v2\/product\/11643","targetHints":{"allow":["GET"]}}],"collection":[{"href":"https:\/\/www.mwsteel.eu\/en\/wp-json\/wp\/v2\/product"}],"about":[{"href":"https:\/\/www.mwsteel.eu\/en\/wp-json\/wp\/v2\/types\/product"}],"replies":[{"embeddable":true,"href":"https:\/\/www.mwsteel.eu\/en\/wp-json\/wp\/v2\/comments?post=11643"}],"wp:featuredmedia":[{"embeddable":true,"href":"https:\/\/www.mwsteel.eu\/en\/wp-json\/wp\/v2\/media\/11646"}],"wp:attachment":[{"href":"https:\/\/www.mwsteel.eu\/en\/wp-json\/wp\/v2\/media?parent=11643"}],"wp:term":[{"taxonomy":"product_brand","embeddable":true,"href":"https:\/\/www.mwsteel.eu\/en\/wp-json\/wp\/v2\/product_brand?post=11643"},{"taxonomy":"product_cat","embeddable":true,"href":"https:\/\/www.mwsteel.eu\/en\/wp-json\/wp\/v2\/product_cat?post=11643"},{"taxonomy":"product_tag","embeddable":true,"href":"https:\/\/www.mwsteel.eu\/en\/wp-json\/wp\/v2\/product_tag?post=11643"}],"curies":[{"name":"wp","href":"https:\/\/api.w.org\/{rel}","templated":true}]}}